{"id":79,"date":"2024-02-12T23:02:10","date_gmt":"2024-02-12T22:02:10","guid":{"rendered":"https:\/\/prvnirada.cz\/?page_id=79"},"modified":"2024-02-13T00:50:10","modified_gmt":"2024-02-12T23:50:10","slug":"k-smrti-stastna","status":"publish","type":"page","link":"https:\/\/prvnirada.cz\/en\/k-smrti-stastna\/","title":{"rendered":"Happy to Death"},"content":{"rendered":"<div class=\"wp-block-group is-nowrap is-layout-flex wp-container-core-group-is-layout-6c531013 wp-block-group-is-layout-flex\">\n<p>directed by S\u00e1ra Venclovsk\u00e1<\/p>\n\n\n\n<p>in development<\/p>\n<\/div>\n\n\n\n<figure class=\"wp-block-image alignwide size-full\"><img loading=\"lazy\" decoding=\"async\" width=\"1024\" height=\"450\" src=\"https:\/\/prvnirada.cz\/wp-content\/uploads\/2024\/02\/ksmrtistastna.jpg\" alt=\"\" class=\"wp-image-49\" srcset=\"https:\/\/prvnirada.cz\/wp-content\/uploads\/2024\/02\/ksmrtistastna.jpg 1024w, https:\/\/prvnirada.cz\/wp-content\/uploads\/2024\/02\/ksmrtistastna-300x132.jpg 300w, https:\/\/prvnirada.cz\/wp-content\/uploads\/2024\/02\/ksmrtistastna-768x338.jpg 768w, https:\/\/prvnirada.cz\/wp-content\/uploads\/2024\/02\/ksmrtistastna-18x8.jpg 18w\" sizes=\"auto, (max-width: 1024px) 100vw, 1024px\" \/><\/figure>\n\n\n\n<p class=\"translation-block\">Vera can't handle life anymore. It is not helped by her hypochondria and complicated personality, which her daughter Diana and her elderly parents have to deal with. A black comedy about female rebellion, interpersonal relationships and the hope for a better life.<\/p>\n\n\n\n<hr class=\"wp-block-separator has-alpha-channel-opacity is-style-wide\"\/>\n\n\n<div class=\"wp-block-ub-content-toggle wp-block-ub-content-toggle-block\" id=\"ub-content-toggle-block-5cb56c81-e690-4ffd-87ac-1b7abf4d8188\" data-mobilecollapse=\"false\" data-desktopcollapse=\"true\" data-preventcollapse=\"false\" data-showonlyone=\"false\">\n<div id=\"\u0160t\u00e1b\" class=\"wp-block-ub-content-toggle-accordion\" style=\"border-color: #fff;\">\n\t\t\t<div class=\"wp-block-ub-content-toggle-accordion-title-wrap\" style=\"background-color: #fff;\" aria-controls=\"ub-content-toggle-panel-0-5cb56c81-e690-4ffd-87ac-1b7abf4d8188\" tabindex=\"0\">\n\t\t\t<h3 class=\"wp-block-ub-content-toggle-accordion-title ub-content-toggle-title-5cb56c81-e690-4ffd-87ac-1b7abf4d8188\" style=\"color: #000; --ub-content-toggle-title-link-color: #000; \">Crew<\/h3>\n\t\t\t<div class=\"wp-block-ub-content-toggle-accordion-toggle-wrap right\" style=\"color: #000;\"><span class=\"wp-block-ub-content-toggle-accordion-state-indicator wp-block-ub-chevron-down\"><\/span><\/div>\n\t\t<\/div>\n\t\t\t<div role=\"region\" aria-expanded=\"false\" class=\"wp-block-ub-content-toggle-accordion-content-wrap ub-hide\" id=\"ub-content-toggle-panel-0-5cb56c81-e690-4ffd-87ac-1b7abf4d8188\">\n\n<p><strong>Director:<br><\/strong>S\u00e1ra Venclovsk\u00e1<\/p>\n\n\n\n<p><strong>Producers:<br><\/strong>\u0160imon Hol\u00fd<br>Anna L\u00edsalov\u00e1<br><\/p>\n\n<\/div>\n\t\t<\/div>\n<\/div>","protected":false},"excerpt":{"rendered":"<p>re\u017eie: S\u00e1ra Venclovsk\u00e1 ve v\u00fdvoji Vera u\u017e nezvl\u00e1d\u00e1 \u017eivot. Nepom\u00e1h\u00e1 j\u00ed ani jej\u00ed hypochondrie a komplikovan\u00e1 osobnost, se kterou se mus\u00ed pot\u00fdkat jej\u00ed dcera Diana a sta\u0159\u00ed rodi\u010de. A\u017e setk\u00e1n\u00eds Petrem ji donut\u00ed p\u0159ehodnotit sv\u016fj vztah k \u017eivotu, a to t\u00edm nejradik\u00e1ln\u011bj\u0161\u00edm zp\u016fsobem \u2013 spole\u010dn\u00fdmi pokusy o sebevra\u017edu. \u010cern\u00e1 komedie o \u017eensk\u00e9 revolt\u011b, mezilidsk\u00fdch vztaz\u00edch [&hellip;]<\/p>","protected":false},"author":1,"featured_media":0,"parent":0,"menu_order":0,"comment_status":"closed","ping_status":"closed","template":"","meta":{"footnotes":""},"class_list":["post-79","page","type-page","status-publish","hentry"],"featured_image_src":null,"_links":{"self":[{"href":"https:\/\/prvnirada.cz\/en\/wp-json\/wp\/v2\/pages\/79","targetHints":{"allow":["GET"]}}],"collection":[{"href":"https:\/\/prvnirada.cz\/en\/wp-json\/wp\/v2\/pages"}],"about":[{"href":"https:\/\/prvnirada.cz\/en\/wp-json\/wp\/v2\/types\/page"}],"author":[{"embeddable":true,"href":"https:\/\/prvnirada.cz\/en\/wp-json\/wp\/v2\/users\/1"}],"replies":[{"embeddable":true,"href":"https:\/\/prvnirada.cz\/en\/wp-json\/wp\/v2\/comments?post=79"}],"version-history":[{"count":6,"href":"https:\/\/prvnirada.cz\/en\/wp-json\/wp\/v2\/pages\/79\/revisions"}],"predecessor-version":[{"id":644,"href":"https:\/\/prvnirada.cz\/en\/wp-json\/wp\/v2\/pages\/79\/revisions\/644"}],"wp:attachment":[{"href":"https:\/\/prvnirada.cz\/en\/wp-json\/wp\/v2\/media?parent=79"}],"curies":[{"name":"wp","href":"https:\/\/api.w.org\/{rel}","templated":true}]}}