{"id":713,"date":"2026-01-27T14:45:42","date_gmt":"2026-01-27T13:45:42","guid":{"rendered":"https:\/\/prvnirada.cz\/?page_id=713"},"modified":"2026-01-27T14:46:28","modified_gmt":"2026-01-27T13:46:28","slug":"jsme-tady","status":"publish","type":"page","link":"https:\/\/prvnirada.cz\/en\/jsme-tady\/","title":{"rendered":"We Are Here"},"content":{"rendered":"<div class=\"wp-block-group is-nowrap is-layout-flex wp-container-core-group-is-layout-6c531013 wp-block-group-is-layout-flex\">\n<p>directed by Gregor Valentovi\u010d<\/p>\n\n\n\n<p>in development<\/p>\n<\/div>\n\n\n\n<p>Minorities are often a litmus test that reveals the state of democracy in a country. When democracy collapses, they are usually the first to be at risk. One such minority is queer people: gays, lesbians, trans people, or for example non-binary people. In the documentary series Jsme tady (We Are Here), journalist and presenter Filip Titlbach addresses topics related to queer society and the present day. Where do they feel safe? How difficult is it to form relationships and start a family? Why are clubs such essential spaces for them? Through a report-style approach and personal interviews, the new series shows that the lives of queer people concern not only them, but everyone in this country.<\/p>\n\n\n<div class=\"wp-block-ub-content-toggle wp-block-ub-content-toggle-block\" id=\"ub-content-toggle-block-a94337f5-c3c9-4fa9-8bb0-47221a1c1237\" data-mobilecollapse=\"false\" data-desktopcollapse=\"true\" data-preventcollapse=\"false\" data-showonlyone=\"false\">\n<div class=\"wp-block-ub-content-toggle-accordion\" style=\"border-color: #fff;\" id=\"ub-content-toggle-panel-block-03f30b0c-260a-480d-8dd4-52afdffd8ed8\">\n\t\t\t<div class=\"wp-block-ub-content-toggle-accordion-title-wrap\" style=\"background-color: #fff;\" aria-controls=\"ub-content-toggle-panel-0-a94337f5-c3c9-4fa9-8bb0-47221a1c1237\" tabindex=\"0\">\n\t\t\t<h3 class=\"wp-block-ub-content-toggle-accordion-title ub-content-toggle-title-a94337f5-c3c9-4fa9-8bb0-47221a1c1237\" style=\"color: #000; \">Basic information<\/h3>\n\t\t\t<div class=\"wp-block-ub-content-toggle-accordion-toggle-wrap right\" style=\"color: #000;\"><span class=\"wp-block-ub-content-toggle-accordion-state-indicator wp-block-ub-chevron-down\"><\/span><\/div>\n\t\t<\/div>\n\t\t\t<div role=\"region\" aria-expanded=\"false\" class=\"wp-block-ub-content-toggle-accordion-content-wrap ub-hide\" id=\"ub-content-toggle-panel-0-a94337f5-c3c9-4fa9-8bb0-47221a1c1237\">\n\n<p>TV Docu-Series<\/p>\n\n<\/div>\n\t\t<\/div>\n\n<div id=\"\u0160t\u00e1b\" class=\"wp-block-ub-content-toggle-accordion\" style=\"border-color: #fff;\">\n\t\t\t<div class=\"wp-block-ub-content-toggle-accordion-title-wrap\" style=\"background-color: #fff;\" aria-controls=\"ub-content-toggle-panel-1-a94337f5-c3c9-4fa9-8bb0-47221a1c1237\" tabindex=\"0\">\n\t\t\t<h3 class=\"wp-block-ub-content-toggle-accordion-title ub-content-toggle-title-a94337f5-c3c9-4fa9-8bb0-47221a1c1237\" style=\"color: #000; --ub-content-toggle-title-link-color: #000; \">Crew<\/h3>\n\t\t\t<div class=\"wp-block-ub-content-toggle-accordion-toggle-wrap right\" style=\"color: #000;\"><span class=\"wp-block-ub-content-toggle-accordion-state-indicator wp-block-ub-chevron-down\"><\/span><\/div>\n\t\t<\/div>\n\t\t\t<div role=\"region\" aria-expanded=\"false\" class=\"wp-block-ub-content-toggle-accordion-content-wrap ub-hide\" id=\"ub-content-toggle-panel-1-a94337f5-c3c9-4fa9-8bb0-47221a1c1237\">\n\n<p><strong>Director:<br><\/strong>Gregor Valentovi\u010d<\/p>\n\n\n\n<p><strong>Screenplay:<br><\/strong>Filip Titlbach<br>Gregor Valentovi\u010d<\/p>\n\n\n\n<p><strong>Producers:<br><\/strong>Anna L\u00edsalov\u00e1<br>\u0160imon Hol\u00fd<br>\u010cesk\u00e1 televize<\/p>\n\n<\/div>\n\t\t<\/div>\n\n<div class=\"wp-block-ub-content-toggle-accordion\" style=\"border-color: #fff;\" id=\"ub-content-toggle-panel-block-160c3d29-42f1-450b-8eaa-19b4f536295e\">\n\t\t\t<div class=\"wp-block-ub-content-toggle-accordion-title-wrap\" style=\"background-color: #fff;\" aria-controls=\"ub-content-toggle-panel-2-a94337f5-c3c9-4fa9-8bb0-47221a1c1237\" tabindex=\"0\">\n\t\t\t<h3 class=\"wp-block-ub-content-toggle-accordion-title ub-content-toggle-title-a94337f5-c3c9-4fa9-8bb0-47221a1c1237\" style=\"color: #000; \">Other<\/h3>\n\t\t\t<div class=\"wp-block-ub-content-toggle-accordion-toggle-wrap right\" style=\"color: #000;\"><span class=\"wp-block-ub-content-toggle-accordion-state-indicator wp-block-ub-chevron-down\"><\/span><\/div>\n\t\t<\/div>\n\t\t\t<div role=\"region\" aria-expanded=\"false\" class=\"wp-block-ub-content-toggle-accordion-content-wrap ub-hide\" id=\"ub-content-toggle-panel-2-a94337f5-c3c9-4fa9-8bb0-47221a1c1237\">\n\n<p><strong>Supported by:<\/strong><br>State Audiovisual Fund<\/p>\n\n<\/div>\n\t\t<\/div>\n<\/div>\n\n\n<p><\/p>","protected":false},"excerpt":{"rendered":"<p>re\u017eie: Gregor Valentovi\u010d ve v\u00fdvoji Men\u0161iny &#8211; \u010dasto lakmusov\u00fd pap\u00edrek, kter\u00fd vypov\u00edd\u00e1 o stavu demokracie v zemi. Kdy\u017e se demokracie hrout\u00ed, prvn\u00ed v ohro\u017een\u00ed b\u00fdvaj\u00ed pr\u00e1v\u011b ony. Jednou z t\u011bchto men\u0161in jsou i queer lid\u00e9: gayov\u00e9, lesby, translidi nebo nap\u0159\u00edklad nebin\u00e1rn\u00ed lid\u00e9. V dokument\u00e1rn\u00ed s\u00e9rii Jsme tady se novin\u00e1\u0159 a moder\u00e1tor Filip Titlbach zab\u00fdv\u00e1 t\u00e9maty [&hellip;]<\/p>","protected":false},"author":1,"featured_media":0,"parent":0,"menu_order":0,"comment_status":"closed","ping_status":"closed","template":"","meta":{"footnotes":""},"class_list":["post-713","page","type-page","status-publish","hentry"],"featured_image_src":null,"_links":{"self":[{"href":"https:\/\/prvnirada.cz\/en\/wp-json\/wp\/v2\/pages\/713","targetHints":{"allow":["GET"]}}],"collection":[{"href":"https:\/\/prvnirada.cz\/en\/wp-json\/wp\/v2\/pages"}],"about":[{"href":"https:\/\/prvnirada.cz\/en\/wp-json\/wp\/v2\/types\/page"}],"author":[{"embeddable":true,"href":"https:\/\/prvnirada.cz\/en\/wp-json\/wp\/v2\/users\/1"}],"replies":[{"embeddable":true,"href":"https:\/\/prvnirada.cz\/en\/wp-json\/wp\/v2\/comments?post=713"}],"version-history":[{"count":2,"href":"https:\/\/prvnirada.cz\/en\/wp-json\/wp\/v2\/pages\/713\/revisions"}],"predecessor-version":[{"id":715,"href":"https:\/\/prvnirada.cz\/en\/wp-json\/wp\/v2\/pages\/713\/revisions\/715"}],"wp:attachment":[{"href":"https:\/\/prvnirada.cz\/en\/wp-json\/wp\/v2\/media?parent=713"}],"curies":[{"name":"wp","href":"https:\/\/api.w.org\/{rel}","templated":true}]}}