{"id":643,"date":"2025-07-24T18:14:07","date_gmt":"2025-07-24T16:14:07","guid":{"rendered":"https:\/\/prvnirada.cz\/?page_id=643"},"modified":"2025-07-24T18:14:43","modified_gmt":"2025-07-24T16:14:43","slug":"zazrak","status":"publish","type":"page","link":"https:\/\/prvnirada.cz\/en\/zazrak\/","title":{"rendered":"Miracle"},"content":{"rendered":"<div class=\"wp-block-group is-nowrap is-layout-flex wp-container-core-group-is-layout-6c531013 wp-block-group-is-layout-flex\">\n<p>directed by \u0160imon Hol\u00fd<\/p>\n\n\n\n<p>in development<\/p>\n<\/div>\n\n\n\n<p>Mirka and Pavel have been together for many years. Their peaceful life is disrupted by events that test not only their relationship but the very core of who they are. On the path toward a new beginning, they embark on a deeply emotional journey filled with pain, courage, and the hope that a miracle might come.<\/p>\n\n\n\n<hr class=\"wp-block-separator has-alpha-channel-opacity is-style-wide\"\/>\n\n\n<div class=\"wp-block-ub-content-toggle wp-block-ub-content-toggle-block\" id=\"ub-content-toggle-block-b56a078f-4f6f-412e-b367-73cc090c3ada\" data-mobilecollapse=\"false\" data-desktopcollapse=\"true\" data-preventcollapse=\"false\" data-showonlyone=\"false\">\n<div id=\"\u0160t\u00e1b\" class=\"wp-block-ub-content-toggle-accordion\" style=\"border-color: #fff;\">\n\t\t\t<div class=\"wp-block-ub-content-toggle-accordion-title-wrap\" style=\"background-color: #fff;\" aria-controls=\"ub-content-toggle-panel-0-b56a078f-4f6f-412e-b367-73cc090c3ada\" tabindex=\"0\">\n\t\t\t<h3 class=\"wp-block-ub-content-toggle-accordion-title ub-content-toggle-title-b56a078f-4f6f-412e-b367-73cc090c3ada\" style=\"color: #000; --ub-content-toggle-title-link-color: #000; \">Crew<\/h3>\n\t\t\t<div class=\"wp-block-ub-content-toggle-accordion-toggle-wrap right\" style=\"color: #000;\"><span class=\"wp-block-ub-content-toggle-accordion-state-indicator wp-block-ub-chevron-down\"><\/span><\/div>\n\t\t<\/div>\n\t\t\t<div role=\"region\" aria-expanded=\"false\" class=\"wp-block-ub-content-toggle-accordion-content-wrap ub-hide\" id=\"ub-content-toggle-panel-0-b56a078f-4f6f-412e-b367-73cc090c3ada\">\n\n<p><strong>Director:<br><\/strong>\u0160imon Hol\u00fd<br><br><strong>Screenplay:<br><\/strong>\u0160imon Hol\u00fd<br>S\u00e1ra Venclovsk\u00e1<\/p>\n\n\n\n<p><strong>Producers:<br><\/strong>\u0160imon Hol\u00fd<br>Kate\u0159ina Dvo\u0159\u00e1kov\u00e1<br>Anna L\u00edsalov\u00e1<br><\/p>\n\n<\/div>\n\t\t<\/div>\n<\/div>\n\n\n<p><\/p>","protected":false},"excerpt":{"rendered":"<p>re\u017eie: \u0160imon Hol\u00fd ve v\u00fdvoji Mirka a Pavel spolu \u017eij\u00ed u\u017e \u0159adu let. Jejich poklidn\u00fd \u017eivot naru\u0161\u00ed ud\u00e1losti, kter\u00e9 prov\u011b\u0159\u00ed nejen jejich vztah, ale i samotn\u00e9 z\u00e1klady toho, k\u00fdm jsou. Na cest\u011b za nov\u00fdm za\u010d\u00e1tkem proch\u00e1z\u00ed hluboce emotivn\u00ed cestou, kter\u00e1 je pln\u00e1 bolesti, odvahy i hled\u00e1n\u00ed nad\u011bje, \u017ee p\u0159ijde z\u00e1zrak.<\/p>","protected":false},"author":1,"featured_media":0,"parent":0,"menu_order":0,"comment_status":"closed","ping_status":"closed","template":"","meta":{"footnotes":""},"class_list":["post-643","page","type-page","status-publish","hentry"],"featured_image_src":null,"_links":{"self":[{"href":"https:\/\/prvnirada.cz\/en\/wp-json\/wp\/v2\/pages\/643","targetHints":{"allow":["GET"]}}],"collection":[{"href":"https:\/\/prvnirada.cz\/en\/wp-json\/wp\/v2\/pages"}],"about":[{"href":"https:\/\/prvnirada.cz\/en\/wp-json\/wp\/v2\/types\/page"}],"author":[{"embeddable":true,"href":"https:\/\/prvnirada.cz\/en\/wp-json\/wp\/v2\/users\/1"}],"replies":[{"embeddable":true,"href":"https:\/\/prvnirada.cz\/en\/wp-json\/wp\/v2\/comments?post=643"}],"version-history":[{"count":2,"href":"https:\/\/prvnirada.cz\/en\/wp-json\/wp\/v2\/pages\/643\/revisions"}],"predecessor-version":[{"id":650,"href":"https:\/\/prvnirada.cz\/en\/wp-json\/wp\/v2\/pages\/643\/revisions\/650"}],"wp:attachment":[{"href":"https:\/\/prvnirada.cz\/en\/wp-json\/wp\/v2\/media?parent=643"}],"curies":[{"name":"wp","href":"https:\/\/api.w.org\/{rel}","templated":true}]}}