{"id":42,"date":"2024-02-12T22:20:54","date_gmt":"2024-02-12T21:20:54","guid":{"rendered":"https:\/\/prvnirada.cz\/?page_id=42"},"modified":"2025-08-08T14:55:50","modified_gmt":"2025-08-08T12:55:50","slug":"kontakt","status":"publish","type":"page","link":"https:\/\/prvnirada.cz\/en\/kontakt\/","title":{"rendered":"Contact"},"content":{"rendered":"<p><a href=\"https:\/\/www.instagram.com\/prvnirada\" data-type=\"link\" data-id=\"https:\/\/www.instagram.com\/prvnirada\">Instagram<\/a><a href=\"https:\/\/www.instagram.com\/sssss_film\/\"><br><\/a><a href=\"https:\/\/www.facebook.com\/prvnirada\">Facebook<\/a><br><a href=\"https:\/\/youtube.com\/@prvnirada\" data-type=\"link\" data-id=\"https:\/\/youtube.com\/@prvnirada\">Youtube<\/a><\/p>\n\n\n\n<hr class=\"wp-block-separator has-alpha-channel-opacity is-style-wide\"\/>\n\n\n\n<p><strong>\u0160imon Hol\u00fd<\/strong><br>holy@prvnirada.cz<\/p>\n\n\n\n<p><strong>Kate\u0159ina Dvo\u0159\u00e1kov\u00e1<\/strong><br>dvorakova@prvnirada.cz<\/p>\n\n\n\n<p><strong>Anna L\u00edsalov\u00e1<\/strong><br>lisalova@prvnirada.cz<\/p>\n\n\n\n<hr class=\"wp-block-separator has-alpha-channel-opacity is-style-wide\"\/>\n\n\n\n<p><strong>Prvn\u00ed \u0159ada s.r.o.<\/strong><br>DI\u010c: CZ09968245<br>I\u010cO: 09968245<br>Sudom\u011b\u0159sk\u00e1 2<br>Praha 130 00<\/p>","protected":false},"excerpt":{"rendered":"<p>InstagramFacebookYoutube \u0160imon Hol\u00fdholy@prvnirada.cz Kate\u0159ina Dvo\u0159\u00e1kov\u00e1dvorakova@prvnirada.cz Anna L\u00edsalov\u00e1lisalova@prvnirada.cz Prvn\u00ed \u0159ada s.r.o.DI\u010c: CZ09968245I\u010cO: 09968245Sudom\u011b\u0159sk\u00e1 2Praha 130 00<\/p>","protected":false},"author":1,"featured_media":0,"parent":0,"menu_order":0,"comment_status":"closed","ping_status":"closed","template":"","meta":{"footnotes":""},"class_list":["post-42","page","type-page","status-publish","hentry"],"featured_image_src":null,"_links":{"self":[{"href":"https:\/\/prvnirada.cz\/en\/wp-json\/wp\/v2\/pages\/42","targetHints":{"allow":["GET"]}}],"collection":[{"href":"https:\/\/prvnirada.cz\/en\/wp-json\/wp\/v2\/pages"}],"about":[{"href":"https:\/\/prvnirada.cz\/en\/wp-json\/wp\/v2\/types\/page"}],"author":[{"embeddable":true,"href":"https:\/\/prvnirada.cz\/en\/wp-json\/wp\/v2\/users\/1"}],"replies":[{"embeddable":true,"href":"https:\/\/prvnirada.cz\/en\/wp-json\/wp\/v2\/comments?post=42"}],"version-history":[{"count":11,"href":"https:\/\/prvnirada.cz\/en\/wp-json\/wp\/v2\/pages\/42\/revisions"}],"predecessor-version":[{"id":679,"href":"https:\/\/prvnirada.cz\/en\/wp-json\/wp\/v2\/pages\/42\/revisions\/679"}],"wp:attachment":[{"href":"https:\/\/prvnirada.cz\/en\/wp-json\/wp\/v2\/media?parent=42"}],"curies":[{"name":"wp","href":"https:\/\/api.w.org\/{rel}","templated":true}]}}